{"id":100103,"date":"2019-12-10T14:07:46","date_gmt":"2019-12-10T14:07:46","guid":{"rendered":"https:\/\/themeskingdom.com\/blog\/?page_id=2"},"modified":"2021-10-01T18:38:29","modified_gmt":"2021-10-01T16:38:29","slug":"sample-page-2","status":"publish","type":"page","link":"https:\/\/laboccadellaverita.gallery\/","title":{"rendered":"Home"},"content":{"rendered":"\n<div class=\"wp-block-group alignwide\"><div class=\"wp-block-group__inner-container\">\n<div class=\"wp-block-group alignwide\"><div class=\"wp-block-group__inner-container\">\n<div class=\"wp-block-group alignwide\"><div class=\"wp-block-group__inner-container\">\n<div class=\"wp-block-media-text alignwide has-media-on-the-right is-stacked-on-mobile is-vertically-aligned-center\" style=\"grid-template-columns:auto 44%\"><figure class=\"wp-block-media-text__media\"><img loading=\"lazy\" width=\"768\" height=\"1024\" src=\"http:\/\/laboccadellaverita.gallery\/wp-content\/uploads\/2021\/09\/JFD_bocca_sept_6045-768x1024.jpg\" alt=\"\" class=\"wp-image-100493\" srcset=\"https:\/\/laboccadellaverita.gallery\/wp-content\/uploads\/2021\/09\/JFD_bocca_sept_6045-768x1024.jpg 768w, https:\/\/laboccadellaverita.gallery\/wp-content\/uploads\/2021\/09\/JFD_bocca_sept_6045-225x300.jpg 225w, https:\/\/laboccadellaverita.gallery\/wp-content\/uploads\/2021\/09\/JFD_bocca_sept_6045-1152x1536.jpg 1152w, https:\/\/laboccadellaverita.gallery\/wp-content\/uploads\/2021\/09\/JFD_bocca_sept_6045-1536x2048.jpg 1536w, https:\/\/laboccadellaverita.gallery\/wp-content\/uploads\/2021\/09\/JFD_bocca_sept_6045-690x920.jpg 690w, https:\/\/laboccadellaverita.gallery\/wp-content\/uploads\/2021\/09\/JFD_bocca_sept_6045-800x1067.jpg 800w, https:\/\/laboccadellaverita.gallery\/wp-content\/uploads\/2021\/09\/JFD_bocca_sept_6045-1400x1867.jpg 1400w, https:\/\/laboccadellaverita.gallery\/wp-content\/uploads\/2021\/09\/JFD_bocca_sept_6045-scaled.jpg 1920w\" sizes=\"(max-width: 768px) 100vw, 768px\" \/><\/figure><div class=\"wp-block-media-text__content\">\n<h2 class=\"has-huge-font-size\" style=\"line-height:0.9\"><strong>A New Gallery<\/strong><\/h2>\n\n\n\n<h3 style=\"line-height:1.1;font-size:53px\">According to the Roman legend, if a liar places his hand inside the marble simulacrum\u2019s mouth it will be bitten. <\/h3>\n\n\n\n<p>Without showing teeth, Jean Fran\u00e7ois Declercq will open his own version of La Bocca this upcoming&nbsp;September, revealing his latest gallery project.&nbsp;After successfully launching Atelier Jespers in the modernist home of the eponymous sculptor and Area 42 located in Michel Polak\u2019s building for the \u2018R\u00e9gie du T\u00e9l\u00e9phone et du T\u00e9l\u00e9graphe\u2019, Jean Fran\u00e7ois Declercq will, once again, gather the power of architecture with his eye for contemporary&nbsp;design.&nbsp;Behind the intricate and whirling metal work of Maison van Dijck hides a postmodernism style house, built in 1989, by a young unknown architect: Michel Poulain. When Jean Fran\u00e7ois Declercq was called to take a look at this unusual building it smiled at him and the idea of a new gallery was born.<\/p>\n\n\n\n<p>La Bocca della Verit\u00e0&nbsp;ambitions to support young voices in the field of&nbsp;Design&nbsp;(by offering them) through the opportunity of presenting their work for the first time to the public in cycle of three exhibitions per year. The ground- and upper floor of the gallery will welcome group and individual shows for young and autodidact&nbsp;designer\u2019s production with prices ranging from 500 to 15,000 euros.<\/p>\n\n\n\n<p>The first floor will be a project room, hosted by \u2018Stand Van Zaken\u2019, where they will select different curators, artists and architects to develop a \u201cCadavre exquis\u201d. A creative concept where artists work in a sequence on top of each other\u2019s work, without seeing or knowing the final result.<\/p>\n\n\n\n<p>Originally initiated in 2019 by Doorzon interieur architecten &amp; Theo De Meyer. Stand Van Zaken could be recognized as a state of affairs between many collaborations.<\/p>\n\n\n\n<p>Both architects, longing to build and initiate, have been working previously with Jean Fran\u00e7ois Declercq. Today their collaboration continues by sharing knowledge and a mutual enthusiasm in order to explore new forms of expressions.<\/p>\n<\/div><\/div>\n<\/div><\/div>\n<\/div><\/div>\n<\/div><\/div>\n\n\n\n<div class=\"wp-block-group alignwide\"><div class=\"wp-block-group__inner-container\">\n<div style=\"height:1px\" aria-hidden=\"true\" class=\"wp-block-spacer\"><\/div>\n\n\n\n<div class=\"wp-block-columns alignwide\">\n<div class=\"wp-block-column\">\n<p><strong>Project room #1<\/strong><\/p>\n\n\n\n<p>Imagine a gallery free of judgement by taste, one that is eager to learn about different worlds and universes within the field of design, art and architecture. New forms of languages will not only be found within one\u2019s own world.<\/p>\n\n\n\n<p>On its first floor: La Bocca della Verit\u00e0 would like to introduce a project room where Stand Van Zaken* selects a new curator for each exhibition. Based on a Cadavre Exquis &#8211; also known as the Game of Consequences -, this curator will be free to present a vision of&nbsp; what they believe is new and emerging within their field of work. The curator will be asked to invite a max. of 3 emerging designers, artists or architects and allowed to confront oneself within this exhibition. All works are for sale, can be reproduced, or can be an invitation for new pieces on demand.<\/p>\n\n\n\n<p><\/p>\n<\/div>\n\n\n\n<div class=\"wp-block-column\">\n<p style=\"line-height:1.5;font-size:20px\"><\/p>\n<\/div>\n<\/div>\n\n\n\n<div style=\"height:1px\" aria-hidden=\"true\" class=\"wp-block-spacer\"><\/div>\n\n\n\n<div class=\"wp-block-columns alignwide\">\n<div class=\"wp-block-column\"><\/div>\n<\/div>\n<\/div><\/div>\n\n\n\n<div style=\"height:200px\" aria-hidden=\"true\" class=\"wp-block-spacer\"><\/div>\n\n\n\n<div class=\"wp-block-group alignwide\"><div class=\"wp-block-group__inner-container\">\n<div class=\"wp-block-columns alignfull\">\n<div class=\"wp-block-column\">\n<div style=\"height:22px\" aria-hidden=\"true\" class=\"wp-block-spacer\"><\/div>\n<\/div>\n\n\n\n<div class=\"wp-block-column\">\n<div style=\"height:220px\" aria-hidden=\"true\" class=\"wp-block-spacer\"><\/div>\n<\/div>\n<\/div>\n<\/div><\/div>\n\n\n\n<div style=\"height:180px\" aria-hidden=\"true\" class=\"wp-block-spacer\"><\/div>\n\n\n\n<div class=\"wp-block-group alignwide\"><div class=\"wp-block-group__inner-container\">\n<div class=\"wp-block-columns alignwide\">\n<div class=\"wp-block-column\">\n<div style=\"height:1px\" aria-hidden=\"true\" class=\"wp-block-spacer\"><\/div>\n<\/div>\n\n\n\n<div class=\"wp-block-column\">\n<div style=\"height:18px\" aria-hidden=\"true\" class=\"wp-block-spacer\"><\/div>\n<\/div>\n<\/div>\n<\/div><\/div>\n\n\n\n<div class=\"wp-block-group alignwide\"><div class=\"wp-block-group__inner-container\"><\/div><\/div>\n\n\n\n<div style=\"height:280px\" aria-hidden=\"true\" class=\"wp-block-spacer\"><\/div>\n\n\n\n<div class=\"wp-block-group\"><div class=\"wp-block-group__inner-container\">\n<div style=\"height:20px\" aria-hidden=\"true\" class=\"wp-block-spacer\"><\/div>\n\n\n\n<ul class=\"wp-block-social-links aligncenter is-style-logos-only\"><li class=\"wp-social-link wp-social-link-instagram\"><a href=\"https:\/\/www.instagram.com\/laboccadellaveritagallery\/\" aria-label=\"Instagram\"> <svg width=\"24\" height=\"24\" viewBox=\"0 0 24 24\" version=\"1.1\" xmlns=\"http:\/\/www.w3.org\/2000\/svg\" role=\"img\" aria-hidden=\"true\" focusable=\"false\"><path d=\"M12,4.622c2.403,0,2.688,0.009,3.637,0.052c0.877,0.04,1.354,0.187,1.671,0.31c0.42,0.163,0.72,0.358,1.035,0.673 c0.315,0.315,0.51,0.615,0.673,1.035c0.123,0.317,0.27,0.794,0.31,1.671c0.043,0.949,0.052,1.234,0.052,3.637 s-0.009,2.688-0.052,3.637c-0.04,0.877-0.187,1.354-0.31,1.671c-0.163,0.42-0.358,0.72-0.673,1.035 c-0.315,0.315-0.615,0.51-1.035,0.673c-0.317,0.123-0.794,0.27-1.671,0.31c-0.949,0.043-1.233,0.052-3.637,0.052 s-2.688-0.009-3.637-0.052c-0.877-0.04-1.354-0.187-1.671-0.31c-0.42-0.163-0.72-0.358-1.035-0.673 c-0.315-0.315-0.51-0.615-0.673-1.035c-0.123-0.317-0.27-0.794-0.31-1.671C4.631,14.688,4.622,14.403,4.622,12 s0.009-2.688,0.052-3.637c0.04-0.877,0.187-1.354,0.31-1.671c0.163-0.42,0.358-0.72,0.673-1.035 c0.315-0.315,0.615-0.51,1.035-0.673c0.317-0.123,0.794-0.27,1.671-0.31C9.312,4.631,9.597,4.622,12,4.622 M12,3 C9.556,3,9.249,3.01,8.289,3.054C7.331,3.098,6.677,3.25,6.105,3.472C5.513,3.702,5.011,4.01,4.511,4.511 c-0.5,0.5-0.808,1.002-1.038,1.594C3.25,6.677,3.098,7.331,3.054,8.289C3.01,9.249,3,9.556,3,12c0,2.444,0.01,2.751,0.054,3.711 c0.044,0.958,0.196,1.612,0.418,2.185c0.23,0.592,0.538,1.094,1.038,1.594c0.5,0.5,1.002,0.808,1.594,1.038 c0.572,0.222,1.227,0.375,2.185,0.418C9.249,20.99,9.556,21,12,21s2.751-0.01,3.711-0.054c0.958-0.044,1.612-0.196,2.185-0.418 c0.592-0.23,1.094-0.538,1.594-1.038c0.5-0.5,0.808-1.002,1.038-1.594c0.222-0.572,0.375-1.227,0.418-2.185 C20.99,14.751,21,14.444,21,12s-0.01-2.751-0.054-3.711c-0.044-0.958-0.196-1.612-0.418-2.185c-0.23-0.592-0.538-1.094-1.038-1.594 c-0.5-0.5-1.002-0.808-1.594-1.038c-0.572-0.222-1.227-0.375-2.185-0.418C14.751,3.01,14.444,3,12,3L12,3z M12,7.378 c-2.552,0-4.622,2.069-4.622,4.622S9.448,16.622,12,16.622s4.622-2.069,4.622-4.622S14.552,7.378,12,7.378z M12,15 c-1.657,0-3-1.343-3-3s1.343-3,3-3s3,1.343,3,3S13.657,15,12,15z M16.804,6.116c-0.596,0-1.08,0.484-1.08,1.08 s0.484,1.08,1.08,1.08c0.596,0,1.08-0.484,1.08-1.08S17.401,6.116,16.804,6.116z\"><\/path><\/svg><\/a><\/li><\/ul>\n<\/div><\/div>\n","protected":false},"excerpt":{"rendered":"<a class=\"read-more-link\" href=\" https:\/\/laboccadellaverita.gallery\/ \">Read More<\/a>","protected":false},"author":1,"featured_media":100493,"parent":0,"menu_order":0,"comment_status":"closed","ping_status":"open","template":"","meta":[],"_links":{"self":[{"href":"https:\/\/laboccadellaverita.gallery\/index.php\/wp-json\/wp\/v2\/pages\/100103"}],"collection":[{"href":"https:\/\/laboccadellaverita.gallery\/index.php\/wp-json\/wp\/v2\/pages"}],"about":[{"href":"https:\/\/laboccadellaverita.gallery\/index.php\/wp-json\/wp\/v2\/types\/page"}],"author":[{"embeddable":true,"href":"https:\/\/laboccadellaverita.gallery\/index.php\/wp-json\/wp\/v2\/users\/1"}],"replies":[{"embeddable":true,"href":"https:\/\/laboccadellaverita.gallery\/index.php\/wp-json\/wp\/v2\/comments?post=100103"}],"version-history":[{"count":7,"href":"https:\/\/laboccadellaverita.gallery\/index.php\/wp-json\/wp\/v2\/pages\/100103\/revisions"}],"predecessor-version":[{"id":100509,"href":"https:\/\/laboccadellaverita.gallery\/index.php\/wp-json\/wp\/v2\/pages\/100103\/revisions\/100509"}],"wp:featuredmedia":[{"embeddable":true,"href":"https:\/\/laboccadellaverita.gallery\/index.php\/wp-json\/wp\/v2\/media\/100493"}],"wp:attachment":[{"href":"https:\/\/laboccadellaverita.gallery\/index.php\/wp-json\/wp\/v2\/media?parent=100103"}],"curies":[{"name":"wp","href":"https:\/\/api.w.org\/{rel}","templated":true}]}}